{"id":3723,"date":"2024-01-11T01:55:04","date_gmt":"2024-01-11T00:55:04","guid":{"rendered":"https:\/\/nostromolive.es\/aviso-legal\/"},"modified":"2024-02-08T17:37:39","modified_gmt":"2024-02-08T16:37:39","slug":"aviso-legal","status":"publish","type":"page","link":"https:\/\/nostromolive.es\/ca\/aviso-legal\/","title":{"rendered":"Av\u00eds Legal"},"content":{"rendered":"\t\t<div data-elementor-type=\"wp-page\" data-elementor-id=\"3723\" class=\"elementor elementor-3723 elementor-2967\" data-elementor-post-type=\"page\">\n\t\t\t\t\t\t<section class=\"elementor-section elementor-top-section elementor-element elementor-element-49398027 headline transparent elementor-section-boxed elementor-section-height-default elementor-section-height-default elementor-invisible\" data-id=\"49398027\" data-element_type=\"section\" data-settings=\"{&quot;animation&quot;:&quot;fadeInUp&quot;}\">\n\t\t\t\t\t\t<div class=\"elementor-container elementor-column-gap-default\">\n\t\t\t\t\t<div class=\"elementor-column elementor-col-100 elementor-top-column elementor-element elementor-element-1e9675c6\" data-id=\"1e9675c6\" data-element_type=\"column\">\n\t\t\t<div class=\"elementor-widget-wrap elementor-element-populated\">\n\t\t\t\t\t\t<div class=\"elementor-element elementor-element-16a5a554 elementor-widget elementor-widget-heading\" data-id=\"16a5a554\" data-element_type=\"widget\" data-widget_type=\"heading.default\">\n\t\t\t\t<div class=\"elementor-widget-container\">\n\t\t\t\t\t<h1 class=\"elementor-heading-title elementor-size-default\">Aviso Legal<\/h1>\t\t\t\t<\/div>\n\t\t\t\t<\/div>\n\t\t\t\t\t<\/div>\n\t\t<\/div>\n\t\t\t\t\t<\/div>\n\t\t<\/section>\n\t\t<div class=\"elementor-element elementor-element-40f49640 e-flex e-con-boxed e-con e-parent\" data-id=\"40f49640\" data-element_type=\"container\">\n\t\t\t\t\t<div class=\"e-con-inner\">\n\t\t\t\t<div class=\"elementor-element elementor-element-23cad883 elementor-widget elementor-widget-text-editor\" data-id=\"23cad883\" data-element_type=\"widget\" data-widget_type=\"text-editor.default\">\n\t\t\t\t<div class=\"elementor-widget-container\">\n\t\t\t\t\t\t\t\t\t<p>En compliment amb el que s&#8217;estableix a la Llei 34\/2002 del 11 de juliol, de Serveis de la Societat de la Informaci\u00f3 i del Comer\u00e7 Electr\u00f2nic (LSSICE), s&#8217;informa dels seg\u00fcents aspectes legals:<\/p><p><br \/><strong>Propietat del lloc web<\/strong><br \/>Titular: <strong>NOSTROMO LIVE S.L.<\/strong><br \/>CIF: B76283100<br \/>Adre\u00e7a: V\u00eda Augusta 81-85 Principal 2, 08006, Barcelona<br \/>Contacte: <a href=\"mailto:comunicacion@nostromolive.es\">comunicacion@nostromolive.es<\/a><br \/><br \/><strong>Finalitat del lloc web<\/strong><br \/>La p\u00e0gina web nostromolive.es t\u00e9 com a objectiu facilitar al p\u00fablic en general informaci\u00f3 sobre la productora i musicals que produeix.<br \/>Condicions generals d&#8217;\u00fas<br \/><br \/>L&#8217;acc\u00e9s al lloc web nostromolive.es \u00e9s responsabilitat exclusiva dels usuaris, i suposa acceptar i con\u00e8ixer l&#8217;av\u00eds legal, la pol\u00edtica de cookies i la pol\u00edtica de privacitat.<br \/><br \/>L&#8217;\u00fas de qualsevol de les funcionalitats del lloc web implica l&#8217;acceptaci\u00f3 expressa i plena de les condicions aqu\u00ed exposades, sense perjudici d&#8217;aquelles particulars que poguessin aplicar-se a alguns dels serveis concrets oferts a trav\u00e9s del lloc web.<br \/><br \/>El titular del lloc web es reserva la facultat d&#8217;efectuar, en qualsevol moment i sense necessitat de pr\u00e8via notificaci\u00f3, modificacions i actualitzacions de la informaci\u00f3 continguda en el seu web o en la configuraci\u00f3 i presentaci\u00f3 d&#8217;aquesta.<br \/><br \/>Amb l&#8217;objectiu de mantenir actualitzada la informaci\u00f3 publicada en el web nostromolive.es, els continguts d&#8217;aquest podran ser modificats, corregits, eliminats o afegits en qualsevol moment, per la qual cosa ser\u00e0 convenient comprovar la vig\u00e8ncia o exactitud d&#8217;aquests acudint sempre a les fonts oficials.<br \/><br \/>L&#8217;Usuari es compromet a la correcta utilitzaci\u00f3 del web i utilitats que se li proporcionin conforme a la llei, el present Av\u00eds Legal, i les instruccions i avisos que se li comuniquin. L&#8217;Usuari es compromet a l&#8217;\u00fas exclusiu del web, i tots els seus continguts, per a finalitats l\u00edcites i no prohibits, que no infringeixin la legalitat vigent i\/o puguin resultar lesius dels drets leg\u00edtims de Nostromo Live S.L, i\/o que puguin causar qualsevol dany o perjudici de forma directa o indirecta.<br \/><br \/><strong>Propietat intel\u00b7lectual, industrial<\/strong><br \/>Tots els elements que formen el lloc web, aix\u00ed com la seva estructura, disseny, codi font, logotips, marques i altres signes distintius que hi apareixen, s\u00f3n propietat de NOSTROMO LIVE S.L. o dels seus col\u00b7laboradors i estan protegits pels corresponents drets de propietat intel\u00b7lectual i industrial.<br \/>Aix\u00ed mateix, estan protegides pels corresponents drets de propietat intel\u00b7lectual i industrial les imatges i altres elements gr\u00e0fics continguts al lloc web. La seva utilitzaci\u00f3, reproducci\u00f3, distribuci\u00f3, comunicaci\u00f3 p\u00fablica, transformaci\u00f3 o qualsevol altra activitat similar o an\u00e0loga queda totalment prohibida llevat que mitj\u00e0 previ i expressa autoritzaci\u00f3 del titular.<br \/><br \/>Pel que fa a les citacions de productes i serveis de tercers, el titular del lloc web reconeix a favor dels seus titulars els corresponents drets de propietat industrial i intel\u00b7lectual, no implicant la seva sola menci\u00f3 o aparici\u00f3 al web l&#8217;exist\u00e8ncia de drets ni de cap responsabilitat sobre aquests, com tampoc patrocini o recomanaci\u00f3.<br \/><br \/>El titular del lloc web declara el seu respecte als drets de propietat intel\u00b7lectual i industrial de tercers; per aix\u00f2, si considera que al nostre lloc web es podrien estar violant els seus drets, preguem posi&#8217;s en contacte amb el titular del lloc web.<br \/><br \/><strong>Responsabilitat<\/strong><br \/>El titular del lloc web no garanteix l&#8217;abs\u00e8ncia d&#8217;errors en l&#8217;acc\u00e9s al web, en el seu contingut, ni que aquest es trobi actualitzat, tot i que el titular del lloc web desenvolupar\u00e0 els seus millors esfor\u00e7os per, si s&#8217;escau, evitar-los, subsanar-los o actualitzar-los.<br \/>Tant l&#8217;acc\u00e9s al lloc web com l&#8217;\u00fas que es pugui fer de la informaci\u00f3 continguda en els mateixos \u00e9s de responsabilitat exclusiva de qui ho realitza.<br \/>En cas que l&#8217;usuari consideri que existeix algun contingut que pogu\u00e9s ser susceptible d&#8217;aquesta classificaci\u00f3, preguem posi&#8217;s en contacte amb el titular del lloc web. En compliment del que disposa la Llei de serveis de la societat de la informaci\u00f3 i de comer\u00e7 electr\u00f2nic, el titular del lloc web es posa a disposici\u00f3 de tots els usuaris, autoritats i forces de seguretat, i col\u00b7labora de forma activa en la retirada o, si s&#8217;escau, blocatge de tots aquells continguts que puguin afectar o contravenir la legislaci\u00f3 nacional o internacional, drets de tercers o la moral i l&#8217;ordre p\u00fablic.<br \/><br \/><strong>Enlla\u00e7os<\/strong><br \/>Els enlla\u00e7os continguts al nostre lloc web poden dirigir a continguts web de tercers. L&#8217;objectiu d&#8217;aquests enlla\u00e7os \u00e9s \u00fanicament facilitar-li la cerca dels recursos que li puguin interessar a trav\u00e9s d&#8217;Internet. No obstant aix\u00f2, aquestes p\u00e0gines no pertanyen al mateix titular del lloc web, ni fa una revisi\u00f3 dels seus continguts i, per aix\u00f2, el titular del lloc web no assumeix cap responsabilitat pel contingut, informacions o serveis que puguin apar\u00e8ixer en aquests llocs. El titular del lloc web tampoc pot fer-se responsable del funcionament de la p\u00e0gina enlla\u00e7ada o dels possibles danys que puguin derivar-se de l&#8217;acc\u00e9s o \u00fas d&#8217;aquesta.<br \/><br \/><strong>Protecci\u00f3 de dades<\/strong><br \/>Per als casos en qu\u00e8 en la web de Nostromo Live es recullin, tractin o emmagatzemin dades personals, es far\u00e0 d&#8217;acord amb la Pol\u00edtica de Privacitat publicada a la p\u00e0gina web i que pot consultar al peu d&#8217;aquesta.<br \/><br \/><strong>Llei Aplicable i jurisdicci\u00f3<\/strong><br \/>La llei aplicable en cas de disputa o conflicte d&#8217;interpretaci\u00f3 dels termes que conformen aquest Av\u00eds Legal, aix\u00ed com qualsevol q\u00fcesti\u00f3 relacionada amb els serveis del present Portal, ser\u00e0 la llei espanyola.<br \/><br \/>Per a la resoluci\u00f3 de qualsevol conflicte que pugui sorgir amb ocasi\u00f3 de la visita al lloc web o de l&#8217;\u00fas dels serveis que en aquest es puguin oferir, el titular del lloc web i l&#8217;usuari acorden sotmetre&#8217;s als Jutges i Tribunals del domicili de l&#8217;usuari, sempre que aquest estigui situat en territori espanyol i actu\u00ef en condici\u00f3 de consumidor.<\/p>\t\t\t\t\t\t\t\t<\/div>\n\t\t\t\t<\/div>\n\t\t\t\t\t<\/div>\n\t\t\t\t<\/div>\n\t\t\t\t<\/div>\n\t\t","protected":false},"excerpt":{"rendered":"<p>Aviso Legal En compliment amb el que s&#8217;estableix a la Llei 34\/2002 del 11 de juliol, de Serveis de la Societat de la Informaci\u00f3 i del Comer\u00e7 Electr\u00f2nic (LSSICE), s&#8217;informa dels seg\u00fcents aspectes legals: Propietat del lloc webTitular: NOSTROMO LIVE S.L.CIF: B76283100Adre\u00e7a: V\u00eda Augusta 81-85 Principal 2, 08006, BarcelonaContacte: comunicacion@nostromolive.es Finalitat del lloc webLa p\u00e0gina [&hellip;]<\/p>\n","protected":false},"author":1,"featured_media":0,"parent":0,"menu_order":0,"comment_status":"closed","ping_status":"closed","template":"elementor_header_footer","meta":{"inline_featured_image":false,"footnotes":""},"class_list":["post-3723","page","type-page","status-publish","hentry"],"_links":{"self":[{"href":"https:\/\/nostromolive.es\/ca\/wp-json\/wp\/v2\/pages\/3723","targetHints":{"allow":["GET"]}}],"collection":[{"href":"https:\/\/nostromolive.es\/ca\/wp-json\/wp\/v2\/pages"}],"about":[{"href":"https:\/\/nostromolive.es\/ca\/wp-json\/wp\/v2\/types\/page"}],"author":[{"embeddable":true,"href":"https:\/\/nostromolive.es\/ca\/wp-json\/wp\/v2\/users\/1"}],"replies":[{"embeddable":true,"href":"https:\/\/nostromolive.es\/ca\/wp-json\/wp\/v2\/comments?post=3723"}],"version-history":[{"count":13,"href":"https:\/\/nostromolive.es\/ca\/wp-json\/wp\/v2\/pages\/3723\/revisions"}],"predecessor-version":[{"id":4049,"href":"https:\/\/nostromolive.es\/ca\/wp-json\/wp\/v2\/pages\/3723\/revisions\/4049"}],"wp:attachment":[{"href":"https:\/\/nostromolive.es\/ca\/wp-json\/wp\/v2\/media?parent=3723"}],"curies":[{"name":"wp","href":"https:\/\/api.w.org\/{rel}","templated":true}]}}