{"id":3739,"date":"2023-11-20T18:48:38","date_gmt":"2023-11-20T17:48:38","guid":{"rendered":"https:\/\/nostromolive.es\/politica-de-privacidad\/"},"modified":"2024-02-08T17:38:01","modified_gmt":"2024-02-08T16:38:01","slug":"politica-de-privacidad","status":"publish","type":"page","link":"https:\/\/nostromolive.es\/ca\/politica-de-privacidad\/","title":{"rendered":"Pol\u00edtica de privacitat"},"content":{"rendered":"\t\t<div data-elementor-type=\"wp-page\" data-elementor-id=\"3739\" class=\"elementor elementor-3739 elementor-3\" data-elementor-post-type=\"page\">\n\t\t\t\t\t\t<section class=\"elementor-section elementor-top-section elementor-element elementor-element-7434e215 headline transparent elementor-section-boxed elementor-section-height-default elementor-section-height-default elementor-invisible\" data-id=\"7434e215\" data-element_type=\"section\" data-settings=\"{&quot;animation&quot;:&quot;fadeInUp&quot;}\">\n\t\t\t\t\t\t<div class=\"elementor-container elementor-column-gap-default\">\n\t\t\t\t\t<div class=\"elementor-column elementor-col-100 elementor-top-column elementor-element elementor-element-54516899\" data-id=\"54516899\" data-element_type=\"column\">\n\t\t\t<div class=\"elementor-widget-wrap elementor-element-populated\">\n\t\t\t\t\t\t<div class=\"elementor-element elementor-element-ce3cd51 elementor-widget elementor-widget-heading\" data-id=\"ce3cd51\" data-element_type=\"widget\" data-widget_type=\"heading.default\">\n\t\t\t\t<div class=\"elementor-widget-container\">\n\t\t\t\t\t<h1 class=\"elementor-heading-title elementor-size-default\">Pol\u00edtica de Privacidad<\/h1>\t\t\t\t<\/div>\n\t\t\t\t<\/div>\n\t\t\t\t\t<\/div>\n\t\t<\/div>\n\t\t\t\t\t<\/div>\n\t\t<\/section>\n\t\t<div class=\"elementor-element elementor-element-40d73f06 e-flex e-con-boxed e-con e-parent\" data-id=\"40d73f06\" data-element_type=\"container\">\n\t\t\t\t\t<div class=\"e-con-inner\">\n\t\t\t\t<div class=\"elementor-element elementor-element-1e5ba972 elementor-widget elementor-widget-text-editor\" data-id=\"1e5ba972\" data-element_type=\"widget\" data-widget_type=\"text-editor.default\">\n\t\t\t\t<div class=\"elementor-widget-container\">\n\t\t\t\t\t\t\t\t\t<p><strong>Informaci\u00f3 b\u00e0sica sobre Protecci\u00f3 de Dades<\/strong><\/p><p><br \/><strong>Responsable<\/strong><br \/>NOSTROMO LIVE S.L.<br \/>CIF: B76283100<br \/>comunicacion@nostromolive.es<br \/>V\u00eda Augusta 81-85 Principal 2, 08006, Barcelona<\/p><p><strong>Finalitat<\/strong><br \/>Gestionar les consultes rebudes per correu electr\u00f2nic.<\/p><p><strong>Legitimaci\u00f3<\/strong><br \/>L&#8217;enviament d&#8217;un correu electr\u00f2nic per part d&#8217;un usuari implicar\u00e0 haver llegit i ent\u00e8s aquesta pol\u00edtica de privacitat.<\/p><p><strong>Conservaci\u00f3<\/strong><br \/>Durant un termini d&#8217;un any a partir de l&#8217;\u00faltima consulta.<\/p><p><strong>Proced\u00e8ncia<\/strong><br \/>El propi interessat o el seu representant legal.<\/p><p><strong>Destinataris<\/strong><br \/>No cedim dades a tercers.<\/p><p><strong>Transfer\u00e8ncies internacionals<\/strong><br \/>No realitzem transfer\u00e8ncies internacionals amb les seves dades.<\/p><p><strong>Drets<\/strong><br \/>Acc\u00e9s, rectificaci\u00f3, oposici\u00f3, supressi\u00f3, limitaci\u00f3 del tractament i portabilitat de les dades personals, com s&#8217;explica al corresponent apartat.<\/p><p><strong>Informaci\u00f3 addicional<\/strong><br \/>Podeu consultar la informaci\u00f3 addicional i detallada sobre Protecci\u00f3 de Dades en el desglossament d&#8217;apartats que us presentem a continuaci\u00f3.<\/p><p><strong>Informaci\u00f3 general<\/strong><br \/>La present Pol\u00edtica de Privacitat t\u00e9 com a finalitat donar a con\u00e8ixer les condicions que regeixen la recopilaci\u00f3 i tractament de les seves dades personals per part de la nostra entitat per vetllar pels drets fonamentals, el seu honor i llibertats, tot aix\u00f2 en compliment de les normatives vigents que regulen la Protecci\u00f3 de Dades personals.<\/p><p>D&#8217;acord amb aquestes normatives, necessitem disposar de la vostra autoritzaci\u00f3 i consentiment per a la recopilaci\u00f3 i el tractament de les vostres dades personals. A continuaci\u00f3, us indiquem tots els detalls del vostre inter\u00e8s pel que fa a com realitzem aquests processos, amb quines finalitats, quines altres entitats podrien tenir acc\u00e9s a les vostres dades i quins s\u00f3n els vostres drets.<\/p><p><strong>Responsable. \u00bfQui \u00e9s el Responsable del tractament de les vostres dades?<\/strong><br \/>El Responsable del Tractament de Dades \u00e9s aquella persona f\u00edsica o jur\u00eddica, de naturalesa p\u00fablica o privada, o \u00f2rgan administratiu, que sola o conjuntament amb altres determina els fins i mitjans del tractament de dades personals.<\/p><p>Us informem que NOSTROMO LIVE S.L. \u00e9s titular de la nostromolive.es, amb CIF: B76283100 i domicili a V\u00eda Augusta 81-85 Principal 2, 08006, Barcelona. Podeu contactar per correu electr\u00f2nic a comunicacion@nostromolive.es.<\/p><p><strong>Finalitat. \u00bfAmb quina finalitat tractem les vostres dades personals?<\/strong><br \/>A nostromolive.es tractem la informaci\u00f3 que ens faciliteu per gestionar les consultes o missatges rebuts. La informaci\u00f3 personal que ens proporcioneu a trav\u00e9s dels correus electr\u00f2nics de la p\u00e0gina web es mantindr\u00e0 confidencial i protegida. En cap cas es destinar\u00e0 o utilitzar\u00e0 per altres finalitats, ni es lliurar\u00e0 a terceres persones sense el vostre consentiment, d&#8217;acord amb els principis del RGPD 679\/2016 i la L.O. 3\/2018. Per complir amb les diferents disposicions legals, hem establert diferents nivells de seguretat per protegir les dades personals que ens faciliteu, havent adoptat totes les mesures t\u00e8cniques al nostre abast per evitar la p\u00e8rdua, mal \u00fas, alteraci\u00f3, acc\u00e9s no autoritzat i manipulaci\u00f3 d&#8217;aquestes dades personals.<\/p><p><strong>Legitimaci\u00f3. \u00bfQuina \u00e9s la legitimaci\u00f3 pel tractament de les vostres dades?<\/strong><br \/>L&#8217;enviament d&#8217;un correu electr\u00f2nic per part d&#8217;un usuari implicar\u00e0 haver llegit i ent\u00e8s aquesta pol\u00edtica de privacitat.<\/p><p><strong>Conservaci\u00f3. \u00bfDurant quant temps conservarem les vostres dades?<\/strong><br \/>Tret que hi hagi una obligaci\u00f3 o requeriment legal, els terminis de conservaci\u00f3 previstos per a les consultes que realitzeu seran d&#8217;un termini d&#8217;un any a partir de l&#8217;\u00faltima consulta.<\/p><p><strong>Proced\u00e8ncia. \u00bfCom hem obtingut les vostres dades?<\/strong><br \/>Correu electr\u00f2nic: el propi interessat o el seu representant legal.<br \/>Visitar la web de nostromolive.es no implica que l&#8217;usuari estigui obligat a facilitar cap informaci\u00f3 sobre ell mateix.<\/p><p><strong>Mesures de seguretat. \u00bfQu\u00e8 fem per protegir les vostres dades?<\/strong><br \/>Nostromo Live adopta les mesures organitzatives i t\u00e8cniques necess\u00e0ries per garantir la seguretat i la privacitat de les vostres dades, evitar-ne l&#8217;alteraci\u00f3, la p\u00e8rdua, el tractament o l&#8217;acc\u00e9s no autoritzat, depenent de l&#8217;estat de la tecnologia, la naturalesa de les dades emmagatzemades i els riscos als quals estan exposades.<\/p><p>Entre altres, destaquen les seg\u00fcents mesures:<br \/>\u00b7 Garantir la confidencialitat, integritat, disponibilitat i resili\u00e8ncia permanents dels sistemes i serveis de tractament.<br \/>\u00b7 Restaurar la disponibilitat i l&#8217;acc\u00e9s a les dades personals de forma r\u00e0pida, en cas d&#8217;incident f\u00edsic o t\u00e8cnic.<br \/>\u00b7 Verificar, avaluar i valorar, de forma regular, l&#8217;efic\u00e0cia de les mesures t\u00e8cniques i organitzatives implementades per garantir la seguretat del tractament.<br \/>\u00b7 S&#8217;eudonimitzen i xifren les dades personals, en cas que es tracti de dades sensibles.<\/p><p><strong>Destinataris. \u00bfA quins destinataris es comunicaran les vostres dades?<\/strong><br \/>Aquestes dades seran tractades per Nostromo Live S.L, no realitzem cessions de les vostres dades a tercers ni entitats, tret d&#8217;obligaci\u00f3 legal. No realitzem transfer\u00e8ncies internacionals amb les vostres dades personals.<\/p><p><strong>Drets. \u00bfQuins s\u00f3n els vostres drets quan ens faciliteu les vostres dades?<\/strong><br \/>La normativa vigent de protecci\u00f3 de dades us ampara en una s\u00e8rie de drets en relaci\u00f3 amb l&#8217;\u00fas que fem de les vostres dades personals. Tots i cadascun dels vostres drets s\u00f3n unipersonals i intransferibles, \u00e9s a dir, que \u00fanicament poden ser realitzats pel titular de les dades, pr\u00e8via comprovaci\u00f3 de la seva identitat.<\/p><p>A continuaci\u00f3, us indiquem quins s\u00f3n els drets que us assisteixen:<br \/>\u00b7 Sol\u00b7licitar l&#8217;acc\u00e9s a les vostres dades personals<br \/>\u00b7 Sol\u00b7licitar la rectificaci\u00f3 de les vostres dades<br \/>\u00b7 Sol\u00b7licitar la supressi\u00f3 o eliminaci\u00f3 de les vostres dades (dret a l&#8217;\u00aboblit\u00bb)<br \/>\u00b7 Limitar-vos o oposar-vos a l&#8217;\u00fas que fem de les vostres dades<br \/>\u00b7 Dret a la portabilitat de les vostres dades per casos de serveis de telecomunicacions o internet.<br \/>\u00b7 Dret a retirar el vostre consentiment en qualsevol moment<br \/>\u00b7 Dret a presentar una reclamaci\u00f3 en mat\u00e8ria de protecci\u00f3 de dades davant l&#8217;Autoritat de Control: Ag\u00e8ncia Espanyola de Protecci\u00f3 de Dades<\/p><p><strong>Com podeu exercir els vostres drets?<\/strong><br \/>Per a l&#8217;exercici dels vostres drets d&#8217;acc\u00e9s, rectificaci\u00f3, supressi\u00f3, limitaci\u00f3 o oposici\u00f3, portabilitat i retirada del vostre consentiment, podeu fer-ho de la seg\u00fcent manera:<\/p><p>Presencialment o per correu electr\u00f2nic a:<br \/>NOSTROMO LIVE S.L.<br \/>CIF: B76283100<br \/>V\u00eda Augusta 81-85 Principal 2, 08006, Barcelona<br \/><a href=\"mailto:comunicacion@nostromolive.es\">comunicacion@nostromolive.es<\/a><\/p><p>A m\u00e9s dels drets que us assisteixen, si creieu que les vostres dades no s&#8217;estan recollint o tractant conforme a la normativa vigent de Protecci\u00f3 de Dades, podeu presentar una reclamaci\u00f3 davant l&#8217;Autoritat de Control, els contactes de la qual indiquem a continuaci\u00f3:<br \/>Ag\u00e8ncia Espanyola de Protecci\u00f3 de Dades<br \/>C\/ Jorge Juan, 6. 28001, Madrid.<br \/>Email: <a href=\"mailto:info@agpd.es\">info@agpd.es<\/a><br \/>Tel\u00e8fon: 912663517<br \/>Web: <a href=\"https:\/\/www.agpd.es\">https:\/\/www.agpd.es<\/a><\/p>\t\t\t\t\t\t\t\t<\/div>\n\t\t\t\t<\/div>\n\t\t\t\t\t<\/div>\n\t\t\t\t<\/div>\n\t\t\t\t<\/div>\n\t\t","protected":false},"excerpt":{"rendered":"<p>Pol\u00edtica de Privacidad Informaci\u00f3 b\u00e0sica sobre Protecci\u00f3 de Dades ResponsableNOSTROMO LIVE S.L.CIF: B76283100comunicacion@nostromolive.esV\u00eda Augusta 81-85 Principal 2, 08006, Barcelona FinalitatGestionar les consultes rebudes per correu electr\u00f2nic. Legitimaci\u00f3L&#8217;enviament d&#8217;un correu electr\u00f2nic per part d&#8217;un usuari implicar\u00e0 haver llegit i ent\u00e8s aquesta pol\u00edtica de privacitat. Conservaci\u00f3Durant un termini d&#8217;un any a partir de l&#8217;\u00faltima consulta. Proced\u00e8nciaEl propi [&hellip;]<\/p>\n","protected":false},"author":1,"featured_media":0,"parent":0,"menu_order":0,"comment_status":"closed","ping_status":"open","template":"elementor_header_footer","meta":{"inline_featured_image":false,"footnotes":""},"class_list":["post-3739","page","type-page","status-publish","hentry"],"_links":{"self":[{"href":"https:\/\/nostromolive.es\/ca\/wp-json\/wp\/v2\/pages\/3739","targetHints":{"allow":["GET"]}}],"collection":[{"href":"https:\/\/nostromolive.es\/ca\/wp-json\/wp\/v2\/pages"}],"about":[{"href":"https:\/\/nostromolive.es\/ca\/wp-json\/wp\/v2\/types\/page"}],"author":[{"embeddable":true,"href":"https:\/\/nostromolive.es\/ca\/wp-json\/wp\/v2\/users\/1"}],"replies":[{"embeddable":true,"href":"https:\/\/nostromolive.es\/ca\/wp-json\/wp\/v2\/comments?post=3739"}],"version-history":[{"count":16,"href":"https:\/\/nostromolive.es\/ca\/wp-json\/wp\/v2\/pages\/3739\/revisions"}],"predecessor-version":[{"id":4052,"href":"https:\/\/nostromolive.es\/ca\/wp-json\/wp\/v2\/pages\/3739\/revisions\/4052"}],"wp:attachment":[{"href":"https:\/\/nostromolive.es\/ca\/wp-json\/wp\/v2\/media?parent=3739"}],"curies":[{"name":"wp","href":"https:\/\/api.w.org\/{rel}","templated":true}]}}