{"id":4075,"date":"2024-01-17T17:56:48","date_gmt":"2024-01-17T16:56:48","guid":{"rendered":"https:\/\/nostromolive.es\/politica-de-cookies\/"},"modified":"2024-02-08T17:56:07","modified_gmt":"2024-02-08T16:56:07","slug":"politica-de-cookies","status":"publish","type":"page","link":"https:\/\/nostromolive.es\/ca\/politica-de-cookies\/","title":{"rendered":"Politica de cookies"},"content":{"rendered":"\t\t<div data-elementor-type=\"wp-page\" data-elementor-id=\"4075\" class=\"elementor elementor-4075 elementor-3090\" data-elementor-post-type=\"page\">\n\t\t\t\t\t\t<section class=\"elementor-section elementor-top-section elementor-element elementor-element-4dff91d8 headline transparent elementor-section-boxed elementor-section-height-default elementor-section-height-default elementor-invisible\" data-id=\"4dff91d8\" data-element_type=\"section\" data-settings=\"{&quot;animation&quot;:&quot;fadeInUp&quot;}\">\n\t\t\t\t\t\t<div class=\"elementor-container elementor-column-gap-default\">\n\t\t\t\t\t<div class=\"elementor-column elementor-col-100 elementor-top-column elementor-element elementor-element-2586b1df\" data-id=\"2586b1df\" data-element_type=\"column\">\n\t\t\t<div class=\"elementor-widget-wrap elementor-element-populated\">\n\t\t\t\t\t\t<div class=\"elementor-element elementor-element-59bc2b44 elementor-widget elementor-widget-heading\" data-id=\"59bc2b44\" data-element_type=\"widget\" data-widget_type=\"heading.default\">\n\t\t\t\t<div class=\"elementor-widget-container\">\n\t\t\t\t\t<h1 class=\"elementor-heading-title elementor-size-default\">Pol\u00edtica de Cookies<\/h1>\t\t\t\t<\/div>\n\t\t\t\t<\/div>\n\t\t\t\t\t<\/div>\n\t\t<\/div>\n\t\t\t\t\t<\/div>\n\t\t<\/section>\n\t\t<div class=\"elementor-element elementor-element-15e3659 e-flex e-con-boxed e-con e-parent\" data-id=\"15e3659\" data-element_type=\"container\">\n\t\t\t\t\t<div class=\"e-con-inner\">\n\t\t\t\t<div class=\"elementor-element elementor-element-b054c12 elementor-widget elementor-widget-text-editor\" data-id=\"b054c12\" data-element_type=\"widget\" data-widget_type=\"text-editor.default\">\n\t\t\t\t<div class=\"elementor-widget-container\">\n\t\t\t\t\t\t\t\t\t<p>Aquesta Pol\u00edtica de cookies est\u00e0 dissenyada per informar-vos sobre les nostres pr\u00e0ctiques pel que fa a la recollida d&#8217;informaci\u00f3 mitjan\u00e7ant cookies i altres tecnologies de seguiment (com ara gifs, balises web, etc.).<\/p><p>Les funcionalitats per a les quals fem servir aquestes tecnologies poden incloure, entre d&#8217;altres, les seg\u00fcents:<\/p><ul><li>Comprendre com navegueu pel nostre lloc web<\/li><li>Personalitzant la teva experi\u00e8ncia al nostre lloc<\/li><li>Oferir-vos contingut o ofertes personalitzats al nostre lloc o dins de la nostra publicitat<\/li><li>Optimitzar la vostra experi\u00e8ncia d&#8217;usuari al nostre lloc<\/li><li>En el context d&#8217;aquesta pol\u00edtica, &#8220;nosaltres&#8221;, &#8220;el nostre&#8221; i &#8220;nosaltres&#8221; es refereixen a nostromolive.es i &#8220;tu&#8221; es refereix a vost\u00e8, com a usuari d&#8217;aquest lloc web.<br \/><br \/><\/li><\/ul><p>En utilitzar nostromolive.es, accepteu el nostre \u00fas de cookies d&#8217;acord amb aquesta Pol\u00edtica de cookies. Si no accepteu l&#8217;\u00fas de cookies, desactiveu-les tal com s&#8217;indica en aquesta Pol\u00edtica de cookies, de manera que no es descarreguin al vostre dispositiu quan utilitzeu el nostre lloc web.<\/p><p>Ens reservem el dret de modificar aquesta Pol\u00edtica de Cookies en qualsevol moment. Qualsevol canvi ser\u00e0 efectiu immediatament despr\u00e9s de la publicaci\u00f3 al lloc web, aix\u00ed que si us plau, reviseu-lo amb freq\u00fc\u00e8ncia.<\/p><p><strong>Com fem servir les cookies<\/strong><\/p><p>Utilitzem cookies al nostre lloc web per millorar la vostra experi\u00e8ncia de navegaci\u00f3 i oferir-vos serveis personalitzats. Les cookies s\u00f3n petits fitxers de text que es col\u00b7loquen al vostre dispositiu quan visiteu el nostre lloc. Aquestes cookies ens permeten recopilar informaci\u00f3 sobre les vostres prefer\u00e8ncies i configuraci\u00f3, analitzar el tr\u00e0nsit del lloc i millorar la funcionalitat del nostre lloc web.<\/p><p><strong>Tipus de cookies que fem servir<\/strong><\/p><p><strong>Cookies essencials<\/strong>: Aquestes cookies s\u00f3n necess\u00e0ries per al bon funcionament del nostre lloc web. Us permeten navegar pel nostre lloc i utilitzar les seves funcions. Sense aquestes cookies, alguns serveis poden no estar disponibles per a vost\u00e8.<\/p><p><br \/><strong>cookies de prefer\u00e8ncies<\/strong>: les cookies de prefer\u00e8ncies s&#8217;utilitzen per recordar les vostres eleccions i prefer\u00e8ncies al nostre lloc web. Asseguren una experi\u00e8ncia m\u00e9s personalitzada recordant la selecci\u00f3 d&#8217;idioma, la mida de la lletra i altres elements personalitzables.<\/p><p><br \/><strong>cookies d&#8217;an\u00e0lisi<\/strong>: les cookies d&#8217;an\u00e0lisi ens ajuden a entendre com interactuen els visitants amb el nostre lloc web. Utilitzem aquesta informaci\u00f3 per analitzar el tr\u00e0nsit del lloc, detectar qualsevol problema t\u00e8cnic i millorar l&#8217;experi\u00e8ncia general de l&#8217;usuari. Aquestes cookies recullen dades an\u00f2nimes i no us identifiquen personalment.<\/p><p><strong>Cookies de tercers<\/strong><\/p><p>Tamb\u00e9 treballem amb prove\u00efdors de serveis de tercers que poden col\u00b7locar cookies al vostre dispositiu quan visiteu el nostre lloc web. Aquests tercers poden tenir acc\u00e9s a determinada informaci\u00f3 personal, tal com s&#8217;indica a la nostra Pol\u00edtica de privadesa.<\/p><p>Les seg\u00fcents s\u00f3n les cookies de tercers que s&#8217;utilitzen al nostre lloc:<\/p><p><strong>WPML (Traducci\u00f3)<\/strong>: aquesta tecnologia permet la traducci\u00f3 d&#8217;idiomes al nostre lloc web. Recorda les vostres prefer\u00e8ncies d&#8217;idioma i assegura que visualitzeu el nostre contingut en el vostre idioma preferit.<\/p><p><br \/><strong>WP Fastest Cache (rendiment)<\/strong>: aquesta tecnologia millora el rendiment i la velocitat del lloc web emmagatzemant una versi\u00f3 en mem\u00f2ria cau de les p\u00e0gines del nostre lloc. Ajuda a carregar el nostre lloc web m\u00e9s r\u00e0pidament, proporcionant una experi\u00e8ncia de navegaci\u00f3 \u00f2ptima als visitants.<\/p><p>Tingueu en compte que no tenim cap control sobre les cookies establertes per prove\u00efdors de tercers. Per tant, us recomanem que reviseu les seves respectives pol\u00edtiques de cookies per obtenir m\u00e9s informaci\u00f3 sobre com utilitzen les cookies i com podeu gestionar les vostres prefer\u00e8ncies.<\/p><p>Per obtenir m\u00e9s informaci\u00f3 sobre com gestionem les vostres dades personals i els vostres drets relacionats amb les cookies, consulteu la nostra Pol\u00edtica de privadesa.<\/p><p><strong>Com gestionar i eliminar les cookies<\/strong><\/p><p>La majoria dels navegadors web us permeten gestionar les vostres prefer\u00e8ncies de cookies. Podeu configurar el vostre navegador per rebutjar les cookies o eliminar determinades cookies. En general, tamb\u00e9 haur\u00edeu de poder gestionar tecnologies similars de la mateixa manera que gestioneu les cookies, utilitzant les prefer\u00e8ncies del vostre navegador.<\/p><p>A continuaci\u00f3, es mostra com podeu fer-ho en diferents navegadors:<\/p><p>Google Chrome: aneu a Configuraci\u00f3 &gt; Privadesa i seguretat &gt; Configuraci\u00f3 del lloc &gt; Cookies i dades del lloc. Aqu\u00ed, podeu esborrar les cookies i les dades del lloc, aix\u00ed com configurar el navegador per bloquejar les cookies de tercers.<\/p><p><br \/>Mozilla Firefox: aneu a Opcions &gt; Privadesa i seguretat &gt; Cookies i dades del lloc. Podeu esborrar les dades aqu\u00ed o podeu configurar el navegador per eliminar les cookies cada vegada que sortiu del navegador.<\/p><p><br \/>Safari: aneu a Prefer\u00e8ncies &gt; Privadesa &gt; Cookies i dades del lloc web. A continuaci\u00f3, podeu bloquejar totes les cookies o eliminar cookies espec\u00edfiques.<\/p><p><br \/>Internet Explorer: aneu a Configuraci\u00f3 &gt; Opcions d&#8217;Internet &gt; General &gt; Historial de navegaci\u00f3 &gt; Configuraci\u00f3 &gt; Fitxers temporals d&#8217;Internet i Fitxers de llocs web. Aqu\u00ed, podeu suprimir fitxers o configurar el navegador per eliminar l&#8217;historial del navegador en sortir.<\/p><p>Si us plau, tingueu en compte que si opteu per bloquejar les cookies, \u00e9s possible que no pugueu iniciar la sessi\u00f3 o utilitzar aquestes funcions, i les prefer\u00e8ncies que depenen de les cookies es poden perdre. Si trieu eliminar les cookies, la configuraci\u00f3 i les prefer\u00e8ncies controlades per aquestes cookies s&#8217;eliminaran i \u00e9s possible que s&#8217;hagin de tornar a crear.<\/p>\t\t\t\t\t\t\t\t<\/div>\n\t\t\t\t<\/div>\n\t\t\t\t\t<\/div>\n\t\t\t\t<\/div>\n\t\t\t\t<\/div>\n\t\t","protected":false},"excerpt":{"rendered":"<p>Pol\u00edtica de Cookies Aquesta Pol\u00edtica de cookies est\u00e0 dissenyada per informar-vos sobre les nostres pr\u00e0ctiques pel que fa a la recollida d&#8217;informaci\u00f3 mitjan\u00e7ant cookies i altres tecnologies de seguiment (com ara gifs, balises web, etc.). Les funcionalitats per a les quals fem servir aquestes tecnologies poden incloure, entre d&#8217;altres, les seg\u00fcents: Comprendre com navegueu pel [&hellip;]<\/p>\n","protected":false},"author":1,"featured_media":0,"parent":0,"menu_order":0,"comment_status":"closed","ping_status":"closed","template":"elementor_header_footer","meta":{"inline_featured_image":false,"footnotes":""},"class_list":["post-4075","page","type-page","status-publish","hentry"],"_links":{"self":[{"href":"https:\/\/nostromolive.es\/ca\/wp-json\/wp\/v2\/pages\/4075","targetHints":{"allow":["GET"]}}],"collection":[{"href":"https:\/\/nostromolive.es\/ca\/wp-json\/wp\/v2\/pages"}],"about":[{"href":"https:\/\/nostromolive.es\/ca\/wp-json\/wp\/v2\/types\/page"}],"author":[{"embeddable":true,"href":"https:\/\/nostromolive.es\/ca\/wp-json\/wp\/v2\/users\/1"}],"replies":[{"embeddable":true,"href":"https:\/\/nostromolive.es\/ca\/wp-json\/wp\/v2\/comments?post=4075"}],"version-history":[{"count":4,"href":"https:\/\/nostromolive.es\/ca\/wp-json\/wp\/v2\/pages\/4075\/revisions"}],"predecessor-version":[{"id":4084,"href":"https:\/\/nostromolive.es\/ca\/wp-json\/wp\/v2\/pages\/4075\/revisions\/4084"}],"wp:attachment":[{"href":"https:\/\/nostromolive.es\/ca\/wp-json\/wp\/v2\/media?parent=4075"}],"curies":[{"name":"wp","href":"https:\/\/api.w.org\/{rel}","templated":true}]}}