{"id":4567,"date":"2024-02-14T23:51:07","date_gmt":"2024-02-14T22:51:07","guid":{"rendered":"https:\/\/nostromolive.es\/tito-the-show\/"},"modified":"2024-02-28T11:59:29","modified_gmt":"2024-02-28T10:59:29","slug":"tito-the-show","status":"publish","type":"page","link":"https:\/\/nostromolive.es\/en\/tito-the-show\/","title":{"rendered":"TIT\u00d3, the show"},"content":{"rendered":"\t\t<div data-elementor-type=\"wp-page\" data-elementor-id=\"4567\" class=\"elementor elementor-4567 elementor-4381\" data-elementor-post-type=\"page\">\n\t\t\t\t<div class=\"elementor-element elementor-element-ffb69c0 e-flex e-con-boxed e-con e-parent\" data-id=\"ffb69c0\" data-element_type=\"container\" data-settings=\"{&quot;background_background&quot;:&quot;classic&quot;}\">\n\t\t\t\t\t<div class=\"e-con-inner\">\n\t\t<div class=\"elementor-element elementor-element-f2942ef e-con-full e-flex elementor-invisible e-con e-child\" data-id=\"f2942ef\" data-element_type=\"container\" data-settings=\"{&quot;animation&quot;:&quot;fadeInLeft&quot;}\">\n\t\t\t\t<div class=\"elementor-element elementor-element-39e038cd prod-title-tito elementor-widget elementor-widget-heading\" data-id=\"39e038cd\" data-element_type=\"widget\" data-widget_type=\"heading.default\">\n\t\t\t\t<div class=\"elementor-widget-container\">\n\t\t\t\t\t<h1 class=\"elementor-heading-title elementor-size-default\">TIT\u00d3, THE SHOW<\/h1>\t\t\t\t<\/div>\n\t\t\t\t<\/div>\n\t\t\t\t<\/div>\n\t\t<div class=\"elementor-element elementor-element-36bd25c1 e-con-full e-flex elementor-invisible e-con e-child\" data-id=\"36bd25c1\" data-element_type=\"container\" data-settings=\"{&quot;animation&quot;:&quot;fadeInRight&quot;}\">\n\t\t\t\t<div class=\"elementor-element elementor-element-2e8e9c75 elementor-widget__width-initial elementor-widget elementor-widget-text-editor\" data-id=\"2e8e9c75\" data-element_type=\"widget\" data-widget_type=\"text-editor.default\">\n\t\t\t\t<div class=\"elementor-widget-container\">\n\t\t\t\t\t\t\t\t\t<p><strong>Get ready for Tit\u00f3, the show!<\/strong><br \/>A live show where children can be with Tit\u00f3, in person, to his excursions accompanied by his inseparable John C and the music and characters of &#8220;Fa la la&#8221;. Get ready for a magical morning, full of excitement and many surprises!<\/p>\n<p>A year ago, the &#8220;Tit\u00f3&#8221; program was launched, and since then, it has become a special part of the lives of many children. Today, it accumulates more than 11 million views on digital platforms.<\/p>\n\t\t\t\t\t\t\t\t<\/div>\n\t\t\t\t<\/div>\n\t\t\t\t<\/div>\n\t\t\t\t\t<\/div>\n\t\t\t\t<\/div>\n\t\t<div class=\"elementor-element elementor-element-107f8543 animated-slow e-flex e-con-boxed elementor-invisible e-con e-parent\" data-id=\"107f8543\" data-element_type=\"container\" data-settings=\"{&quot;animation&quot;:&quot;fadeInUp&quot;}\">\n\t\t\t\t\t<div class=\"e-con-inner\">\n\t\t<div class=\"elementor-element elementor-element-78942832 e-con-full e-flex e-con e-child\" data-id=\"78942832\" data-element_type=\"container\">\n\t\t\t\t<div class=\"elementor-element elementor-element-217ca04c elementor-widget__width-auto programa-toggle elementor-widget elementor-widget-mdp-questionar-elementor\" data-id=\"217ca04c\" data-element_type=\"widget\" data-widget_type=\"mdp-questionar-elementor.default\">\n\t\t\t\t<div class=\"elementor-widget-container\">\n\t\t\t\t\t<div id=\"accordion-217ca04c\"><h1 class=\"mdp-questions elementor-repeater-item-9990e2d\">PROGRAMME<\/h1><div class=\"mdp-answers elementor-repeater-item-9990e2d\"><div class=\"mdp-answer-text\"><p>\t\t<div data-elementor-type=\"container\" data-elementor-id=\"4574\" class=\"elementor elementor-4574 elementor-4378\" data-elementor-post-type=\"elementor_library\">\n\t\t\t\t<div class=\"elementor-element elementor-element-74ce9a8 e-flex e-con-boxed e-con e-parent\" data-id=\"74ce9a8\" data-element_type=\"container\" data-settings=\"{&quot;background_background&quot;:&quot;classic&quot;}\">\n\t\t\t\t\t<div class=\"e-con-inner\">\n\t\t\t\t<div class=\"elementor-element elementor-element-dfeb4a2 elementor-widget elementor-widget-heading\" data-id=\"dfeb4a2\" data-element_type=\"widget\" data-widget_type=\"heading.default\">\n\t\t\t\t<div class=\"elementor-widget-container\">\n\t\t\t\t\t<h3 class=\"elementor-heading-title elementor-size-default\">TEAM<\/h3>\t\t\t\t<\/div>\n\t\t\t\t<\/div>\n\t\t\t\t<div class=\"elementor-element elementor-element-5a19271 elementor-widget elementor-widget-text-editor\" data-id=\"5a19271\" data-element_type=\"widget\" data-widget_type=\"text-editor.default\">\n\t\t\t\t<div class=\"elementor-widget-container\">\n\t\t\t\t\t\t\t\t\t<p><strong>Direction<\/strong>: Cristina Jim\u00e9nez<br \/><strong>Script<\/strong>: Cristina Jim\u00e9nez y Santi Anaya<br \/><strong>Image<\/strong>: Francesc Hern\u00e0ndez<br \/><strong>Choreography<\/strong>: Pau Llim\u00f3s<br \/><strong>Cast<\/strong>: Bittor Fernandez y Joan Carles Romeu<br \/><strong>Dancers<\/strong>: &#8220;Fa la la&#8221; Carles Urp\u00ed i Nuez, Andrea Gonz\u00e1lez Velasco, N\u00faria Moya Minoves y Helena Fajula Manzano<br \/><strong>Music<\/strong>: Joan Roy, Daniel Vega y M\u00edriam Romero<br \/><strong>With the collaboration of the entire SX3 team<\/strong><\/p>\n\t\t\t\t\t\t\t\t<\/div>\n\t\t\t\t<\/div>\n\t\t\t\t\t<\/div>\n\t\t\t\t<\/div>\n\t\t\t\t<\/div>\n\t\t<\/p><\/div><\/div><\/div>\n            <!--suppress JSUnresolvedFunction -->\n            <script>\n                jQuery( document ).ready(function() {\n\n                    let icons_217ca04c = {\n                        header: \" mdp-questionar-icon\",\n                        activeHeader: \" mdp-questionar-icon\"\n                    };\n\n                    jQuery( \"#accordion-217ca04c\" ).accordion( {\n                        icons: icons_217ca04c,\n                        collapsible: true,\n                        active: false,\n                        event: \"click\",\n                        animate: {\n                            duration: 500\n                        },\n                        heightStyle: \"content\"\n                    });\n\n                });\n            <\/script>\n            \t\t\t\t<\/div>\n\t\t\t\t<\/div>\n\t\t\t\t<\/div>\n\t\t\t\t\t<\/div>\n\t\t\t\t<\/div>\n\t\t<div class=\"elementor-element elementor-element-1489ca99 headline transparent animated-slow e-flex e-con-boxed elementor-invisible e-con e-parent\" data-id=\"1489ca99\" data-element_type=\"container\" data-settings=\"{&quot;animation&quot;:&quot;fadeInUp&quot;}\">\n\t\t\t\t\t<div class=\"e-con-inner\">\n\t\t<div class=\"elementor-element elementor-element-2e77c48b e-con-full e-flex e-con e-child\" data-id=\"2e77c48b\" data-element_type=\"container\">\n\t\t\t\t<div class=\"elementor-element elementor-element-1b281e83 elementor-headline--style-rotate elementor-widget elementor-widget-animated-headline\" data-id=\"1b281e83\" data-element_type=\"widget\" data-settings=\"{&quot;headline_style&quot;:&quot;rotate&quot;,&quot;animation_type&quot;:&quot;clip&quot;,&quot;rotating_text&quot;:&quot;GALLERY&quot;,&quot;rotate_iteration_delay&quot;:3000}\" data-widget_type=\"animated-headline.default\">\n\t\t\t\t<div class=\"elementor-widget-container\">\n\t\t\t\t\t\t\t<h1 class=\"elementor-headline elementor-headline-animation-type-clip\">\n\t\t\t\t<span class=\"elementor-headline-dynamic-wrapper elementor-headline-text-wrapper\">\n\t\t\t\t\t<span class=\"elementor-headline-dynamic-text elementor-headline-text-active\">\n\t\t\t\tGALLERY\t\t\t<\/span>\n\t\t\t\t\t\t<\/span>\n\t\t\t\t<\/h1>\n\t\t\t\t\t\t<\/div>\n\t\t\t\t<\/div>\n\t\t\t\t<\/div>\n\t\t\t\t\t<\/div>\n\t\t\t\t<\/div>\n\t\t<div class=\"elementor-element elementor-element-3506ebd3 e-flex e-con-boxed e-con e-parent\" data-id=\"3506ebd3\" data-element_type=\"container\">\n\t\t\t\t\t<div class=\"e-con-inner\">\n\t\t<div class=\"elementor-element elementor-element-737921c1 e-con-full e-flex e-con e-child\" data-id=\"737921c1\" data-element_type=\"container\">\n\t\t\t\t<div class=\"elementor-element elementor-element-1c490b1d elementor-widget elementor-widget-gallery\" data-id=\"1c490b1d\" data-element_type=\"widget\" data-settings=\"{&quot;gallery_layout&quot;:&quot;justified&quot;,&quot;gap&quot;:{&quot;unit&quot;:&quot;px&quot;,&quot;size&quot;:15,&quot;sizes&quot;:[]},&quot;image_hover_animation&quot;:&quot;grow&quot;,&quot;ideal_row_height&quot;:{&quot;unit&quot;:&quot;px&quot;,&quot;size&quot;:350,&quot;sizes&quot;:[]},&quot;lazyload&quot;:&quot;yes&quot;,&quot;ideal_row_height_tablet&quot;:{&quot;unit&quot;:&quot;px&quot;,&quot;size&quot;:150,&quot;sizes&quot;:[]},&quot;ideal_row_height_mobile&quot;:{&quot;unit&quot;:&quot;px&quot;,&quot;size&quot;:150,&quot;sizes&quot;:[]},&quot;gap_tablet&quot;:{&quot;unit&quot;:&quot;px&quot;,&quot;size&quot;:10,&quot;sizes&quot;:[]},&quot;gap_mobile&quot;:{&quot;unit&quot;:&quot;px&quot;,&quot;size&quot;:10,&quot;sizes&quot;:[]},&quot;link_to&quot;:&quot;file&quot;,&quot;overlay_background&quot;:&quot;yes&quot;,&quot;content_hover_animation&quot;:&quot;fade-in&quot;}\" data-widget_type=\"gallery.default\">\n\t\t\t\t<div class=\"elementor-widget-container\">\n\t\t\t\t\t\t\t<div class=\"elementor-gallery__container\">\n\t\t\t\t\t\t\t<a class=\"e-gallery-item elementor-gallery-item elementor-animated-content\" href=\"https:\/\/nostromolive.es\/wp-content\/uploads\/2024\/02\/galeria-cartell.jpg\" data-elementor-open-lightbox=\"yes\" data-elementor-lightbox-slideshow=\"1c490b1d\" data-elementor-lightbox-title=\"galeria-cartell\" data-e-action-hash=\"#elementor-action%3Aaction%3Dlightbox%26settings%3DeyJpZCI6NDQ1MywidXJsIjoiaHR0cHM6XC9cL25vc3Ryb21vbGl2ZS5lc1wvd3AtY29udGVudFwvdXBsb2Fkc1wvMjAyNFwvMDJcL2dhbGVyaWEtY2FydGVsbC5qcGciLCJzbGlkZXNob3ciOiIxYzQ5MGIxZCJ9\">\n\t\t\t\t\t<div class=\"e-gallery-image elementor-gallery-item__image\" data-thumbnail=\"https:\/\/nostromolive.es\/wp-content\/uploads\/2024\/02\/galeria-cartell-717x1024.jpg\" data-width=\"717\" data-height=\"1024\" aria-label=\"\" role=\"img\" ><\/div>\n\t\t\t\t\t\t\t\t\t\t\t<div class=\"elementor-gallery-item__overlay\"><\/div>\n\t\t\t\t\t\t\t\t\t\t\t\t\t\t<\/a>\n\t\t\t\t\t<\/div>\n\t\t\t\t\t<\/div>\n\t\t\t\t<\/div>\n\t\t\t\t<\/div>\n\t\t\t\t\t<\/div>\n\t\t\t\t<\/div>\n\t\t\t\t<\/div>\n\t\t","protected":false},"excerpt":{"rendered":"<p>TIT\u00d3, THE SHOW Get ready for Tit\u00f3, the show!A live show where children can be with Tit\u00f3, in person, to his excursions accompanied by his inseparable John C and the music and characters of &#8220;Fa la la&#8221;. Get ready for a magical morning, full of excitement and many surprises! A year ago, the &#8220;Tit\u00f3&#8221; program [&hellip;]<\/p>\n","protected":false},"author":1,"featured_media":0,"parent":0,"menu_order":0,"comment_status":"closed","ping_status":"closed","template":"elementor_header_footer","meta":{"inline_featured_image":false,"footnotes":""},"class_list":["post-4567","page","type-page","status-publish","hentry"],"_links":{"self":[{"href":"https:\/\/nostromolive.es\/en\/wp-json\/wp\/v2\/pages\/4567","targetHints":{"allow":["GET"]}}],"collection":[{"href":"https:\/\/nostromolive.es\/en\/wp-json\/wp\/v2\/pages"}],"about":[{"href":"https:\/\/nostromolive.es\/en\/wp-json\/wp\/v2\/types\/page"}],"author":[{"embeddable":true,"href":"https:\/\/nostromolive.es\/en\/wp-json\/wp\/v2\/users\/1"}],"replies":[{"embeddable":true,"href":"https:\/\/nostromolive.es\/en\/wp-json\/wp\/v2\/comments?post=4567"}],"version-history":[{"count":5,"href":"https:\/\/nostromolive.es\/en\/wp-json\/wp\/v2\/pages\/4567\/revisions"}],"predecessor-version":[{"id":4585,"href":"https:\/\/nostromolive.es\/en\/wp-json\/wp\/v2\/pages\/4567\/revisions\/4585"}],"wp:attachment":[{"href":"https:\/\/nostromolive.es\/en\/wp-json\/wp\/v2\/media?parent=4567"}],"curies":[{"name":"wp","href":"https:\/\/api.w.org\/{rel}","templated":true}]}}